{"id":967,"date":"2025-09-01T11:01:10","date_gmt":"2025-09-01T11:01:10","guid":{"rendered":"https:\/\/skiresidence.it\/?page_id=967"},"modified":"2025-09-03T11:04:40","modified_gmt":"2025-09-03T09:04:40","slug":"privacy-policy","status":"publish","type":"page","link":"https:\/\/skiresidence.it\/cs\/zasady-ochrany-osobnich-udaju\/","title":{"rendered":"Z\u00e1sady ochrany osobn\u00edch \u00fadaj\u016f"},"content":{"rendered":"<div data-elementor-type=\"wp-page\" data-elementor-id=\"967\" class=\"elementor elementor-967\" data-elementor-post-type=\"page\">\n\t\t\t\t<div class=\"elementor-element elementor-element-668b3409 e-flex e-con-boxed e-con e-parent\" data-id=\"668b3409\" data-element_type=\"container\" data-e-type=\"container\">\n\t\t\t\t\t<div class=\"e-con-inner\">\n\t\t\t\t<div class=\"elementor-element elementor-element-42ea2bc elementor-widget elementor-widget-text-editor\" data-id=\"42ea2bc\" data-element_type=\"widget\" data-e-type=\"widget\" data-widget_type=\"text-editor.default\">\n\t\t\t\t\t\t\t\t\t\n<p><!--googleoff: all-->\n<p><strong>Informace o zpracov\u00e1n\u00ed osobn\u00edch \u00fadaj\u016f shrom\u00e1\u017ed\u011bn\u00fdch prost\u0159ednictv\u00edm t\u011bchto webov\u00fdch str\u00e1nek<\/strong><br> <span class=\"map_last_policy_revision_date\">Posledn\u00ed revize: 01\/09\/2025<\/span><\/p>\n\n\n\n<p><strong>1. P\u0159edmluva a odkazy na pr\u00e1vn\u00ed p\u0159edpisy<\/strong><br> Tyto z\u00e1sady vysv\u011btluj\u00ed zpracov\u00e1n\u00ed osobn\u00edch \u00fadaj\u016f shrom\u00e1\u017ed\u011bn\u00fdch prost\u0159ednictv\u00edm t\u011bchto webov\u00fdch str\u00e1nek, v\u010detn\u011b \u00fadaj\u016f z\u00edskan\u00fdch prost\u0159ednictv\u00edm soubor\u016f cookie, sledovac\u00edch technologi\u00ed a - pokud existuj\u00ed - kontaktn\u00edch formul\u00e1\u0159\u016f, oblast\u00ed s omezen\u00fdm p\u0159\u00edstupem, digit\u00e1ln\u00edch slu\u017eeb a ekonomick\u00fdch transakc\u00ed, kter\u00e9 prob\u00edhaj\u00ed elektronicky. .<br> Toto ozn\u00e1men\u00ed je ur\u010deno v\u0161em, kte\u0159\u00ed nav\u0161t\u011bvuj\u00ed nebo pou\u017e\u00edvaj\u00ed tyto str\u00e1nky, a popisuje zp\u016fsoby shroma\u017e\u010fov\u00e1n\u00ed, pou\u017e\u00edv\u00e1n\u00ed a ochrany osobn\u00edch \u00fadaj\u016f u\u017eivatele, jako\u017e i pr\u00e1va uznan\u00e1 z\u00e1konem.<br> Tato ustanoven\u00ed se nevztahuj\u00ed na jin\u00e9 str\u00e1nky, str\u00e1nky nebo online slu\u017eby p\u0159\u00edstupn\u00e9 prost\u0159ednictv\u00edm extern\u00edch odkaz\u016f, kter\u00e9 mohou b\u00fdt na t\u011bchto str\u00e1nk\u00e1ch p\u0159\u00edtomny a u kter\u00fdch si m\u016f\u017eete p\u0159e\u010d\u00edst p\u0159\u00edslu\u0161n\u00e1 ozn\u00e1men\u00ed o ochran\u011b osobn\u00edch \u00fadaj\u016f.<br> Tyto informace jsou poskytov\u00e1ny v souladu s hlavn\u00edmi vnitrost\u00e1tn\u00edmi a mezin\u00e1rodn\u00edmi p\u0159edpisy o ochran\u011b \u00fadaj\u016f, v\u010detn\u011b:<\/p>\n<ul>\n<li class=\"map_gdpr_text\">Na\u0159\u00edzen\u00ed (EU) 2016\/679 (GDPR)<\/li>\n\n\n\n\n\n\n\n\n\n\n\n\n\n\n\n\n\n\n\n\n\n\n\n\n<li>Dal\u0161\u00ed p\u0159edpisy, kter\u00e9 se mohou pou\u017e\u00edt.<\/li>\n<\/ul>\n\n\n\n<p><strong>2. Kdo spravuje va\u0161e \u00fadaje a jak n\u00e1s m\u016f\u017eete kontaktovat?<\/strong><br> Va\u0161e osobn\u00ed \u00fadaje zpracov\u00e1v\u00e1:<br> <span class=\"map_identity_name\">Ski Residence Di Anna Toffol E C. Sas<br><\/span> <span class=\"map_identity_address\">Via Giovanni e Vittore Toffol, 13<br><\/span> <span class=\"map_identity_email\">info@skiresidence.it<br><\/span> <span class=\"map_identity_vat_id\">DI\u010c: 01426910228<\/span><\/p>\n\n\n\n<p class=\"map_dpo_text_unset\">Pro jak\u00e9koli informace o zpracov\u00e1n\u00ed osobn\u00edch \u00fadaj\u016f nebo pro uplatn\u011bn\u00ed sv\u00fdch pr\u00e1v podle z\u00e1kona se mohou subjekty \u00fadaj\u016f obr\u00e1tit na spr\u00e1vce \u00fadaj\u016f.<\/p>\n\n\n\n<p><strong>3. Na jak\u00e9m pr\u00e1vn\u00edm z\u00e1klad\u011b zpracov\u00e1v\u00e1me va\u0161e \u00fadaje?<\/strong><br> Zpracov\u00e1n\u00ed osobn\u00edch \u00fadaj\u016f shrom\u00e1\u017ed\u011bn\u00fdch prost\u0159ednictv\u00edm t\u011bchto str\u00e1nek (v\u010detn\u011b soubor\u016f cookie, podobn\u00fdch technologi\u00ed, kontaktn\u00edch formul\u00e1\u0159\u016f, oblast\u00ed s omezen\u00fdm p\u0159\u00edstupem, digit\u00e1ln\u00edch slu\u017eeb a transakc\u00ed, pokud existuj\u00ed) je zalo\u017eeno na jednom nebo v\u00edce z n\u00e1sleduj\u00edc\u00edch pr\u00e1vn\u00edch z\u00e1klad\u016f:<\/p>\n<ol style=\"list-style-type: lower-alpha;\" type=\"A\">\n<li><strong>Poskytnut\u00ed slu\u017eby nebo p\u0159edsmluvn\u00ed \u010dinnosti<\/strong> o kter\u00e9 u\u017eivatel po\u017e\u00e1d\u00e1 prost\u0159ednictv\u00edm kontaktn\u00edch formul\u00e1\u0159\u016f;<\/li>\n<li><strong>Pln\u011bn\u00ed pr\u00e1vn\u00edch, regula\u010dn\u00edch nebo z\u00e1konn\u00fdch povinnost\u00ed<\/strong>;<\/li>\n\n<\/ol>\n<p>Dal\u0161\u00edm pr\u00e1vn\u00edm z\u00e1kladem je <strong>opr\u00e1vn\u011bn\u00fd z\u00e1jem spr\u00e1vce<\/strong>mohou b\u00fdt pou\u017eity pro konkr\u00e9tn\u00ed \u00fa\u010dely (nap\u0159. zaji\u0161t\u011bn\u00ed bezpe\u010dnosti IT, prevence podvod\u016f, ochrana pr\u00e1v dr\u017eitele u soudu).<\/p>\n\n\n\n\n<p>Nep\u0159ijet\u00ed nebo odvol\u00e1n\u00ed souhlasu m\u016f\u017ee omezit nebo zkr\u00e1tit n\u011bkter\u00e9 personalizovan\u00e9 funkce nebo slu\u017eby.<\/p>\n\n\n\n<p><strong>4. Jak\u00e9 \u00fadaje shroma\u017e\u010fujeme, kdy\u017e nav\u0161t\u00edv\u00edte str\u00e1nky?<\/strong><br> P\u0159i prohl\u00ed\u017een\u00ed t\u011bchto str\u00e1nek mohou b\u00fdt shroma\u017e\u010fov\u00e1ny n\u00e1sleduj\u00edc\u00ed \u00fadaje, a to i prost\u0159ednictv\u00edm soubor\u016f cookie a podobn\u00fdch technologi\u00ed, jako jsou pixelov\u00e9 zna\u010dky, webov\u00e9 maj\u00e1ky, m\u00edstn\u00ed \u00falo\u017ei\u0161t\u011b a rovnocenn\u00e9 technologie:<\/p>\n<ul>\n<li>\n<p><strong>Prohl\u00ed\u017een\u00ed a technick\u00e9 \u00fadaje:<\/strong> informace, jako je IP adresa, identifik\u00e1tory za\u0159\u00edzen\u00ed, \u00fadaje o opera\u010dn\u00edm syst\u00e9mu a prohl\u00ed\u017ee\u010di, po\u017eadovan\u00e9 adresy URL, doba p\u0159ipojen\u00ed, technick\u00e9 protokoly, technick\u00e9 preference, \u00fadaje o pou\u017e\u00edv\u00e1n\u00ed shrom\u00e1\u017ed\u011bn\u00e9 prost\u0159ednictv\u00edm soubor\u016f cookie a sledovac\u00edch technologi\u00ed (pixelov\u00e9 zna\u010dky, webov\u00e9 maj\u00e1ky, m\u00edstn\u00ed \u00falo\u017ei\u0161t\u011b a rovnocenn\u00e9 n\u00e1stroje).<\/p>\n<\/li>\n\n<li>\n<p><strong>\u00dadaje sd\u011blovan\u00e9 prost\u0159ednictv\u00edm soci\u00e1ln\u00edch integrac\u00ed a platforem t\u0159et\u00edch stran:<\/strong> \u00fadaje p\u0159en\u00e1\u0161en\u00e9 prost\u0159ednictv\u00edm soci\u00e1ln\u00edch funkc\u00ed (p\u0159ihl\u00e1\u0161en\u00ed, pluginy, sd\u00edlen\u00ed atd.), kter\u00e9 se zpracov\u00e1vaj\u00ed podle pravidel p\u0159\u00edslu\u0161n\u00fdch platforem v souladu s t\u011bmito z\u00e1sadami.<\/p>\n<\/li>\n\n\n\n\n\n<\/ul>\n\n\n\n<p><strong>5. Jak va\u0161e \u00fadaje zpracov\u00e1v\u00e1me, jak je chr\u00e1n\u00edme a jak dlouho je uchov\u00e1v\u00e1me?<\/strong><br> Osobn\u00ed \u00fadaje shrom\u00e1\u017ed\u011bn\u00e9 prost\u0159ednictv\u00edm t\u011bchto str\u00e1nek jsou zpracov\u00e1v\u00e1ny p\u0159edev\u0161\u00edm elektronick\u00fdmi a digit\u00e1ln\u00edmi prost\u0159edky podle z\u00e1sad z\u00e1konnosti, spr\u00e1vnosti, minimalizace \u00fadaj\u016f, integrity a d\u016fv\u011brnosti.<\/p>\n\n\n<p>Data se ukl\u00e1daj\u00ed podle n\u00e1sleduj\u00edc\u00edho \u010dasov\u00e9ho r\u00e1mce:<\/p>\n<ul>\n<li><strong>P\u0159edvolby soubor\u016f cookie a konsenzus:<\/strong> ulo\u017eeny po dobu 180 dn\u016f, jak je uvedeno v Z\u00e1sad\u00e1ch pou\u017e\u00edv\u00e1n\u00ed soubor\u016f cookie na t\u011bchto str\u00e1nk\u00e1ch.<\/li>\n<li><strong>Prohl\u00ed\u017een\u00ed a technick\u00e9 \u00fadaje:<\/strong> uchov\u00e1v\u00e1ny pouze po dobu nezbytnou k zaji\u0161t\u011bn\u00ed bezpe\u010dnosti, integrity a funk\u010dnosti str\u00e1nek a n\u00e1sledn\u011b anonymizov\u00e1ny nebo agregov\u00e1ny.<\/li>\n<li><strong>\u00dadaje shroma\u017e\u010fovan\u00e9 pro smluvn\u00ed a transak\u010dn\u00ed \u00fa\u010dely:<\/strong> uchov\u00e1v\u00e1ny tak dlouho, jak vy\u017eaduj\u00ed p\u0159\u00edslu\u0161n\u00e9 z\u00e1kony (nap\u0159. da\u0148ov\u00e9 nebo \u00fa\u010detn\u00ed p\u0159edpisy).<\/li>\n<li><strong>\u00dadaje zpracov\u00e1van\u00e9 pro marketingov\u00e9 \u00fa\u010dely:<\/strong> uchov\u00e1v\u00e1ny a\u017e do odvol\u00e1n\u00ed souhlasu nebo do \u017e\u00e1dosti o jeho zru\u0161en\u00ed.<\/li>\n<li><strong>\u00dadaje zadan\u00e9 prost\u0159ednictv\u00edm formul\u00e1\u0159\u016f nebo specifick\u00fdch po\u017eadavk\u016f:<\/strong> uchov\u00e1v\u00e1ny po dobu nezbytnou pro odpov\u011b\u010f nebo spln\u011bn\u00ed p\u0159\u00edslu\u0161n\u00e9ho \u00fa\u010delu.<\/li>\n\n<\/ul>\n\n\n\n<p><strong>6. Kdo m\u016f\u017ee p\u0159ij\u00edmat va\u0161e \u00fadaje?<\/strong><br> V r\u00e1mci sv\u00fdch pravomoc\u00ed a \u00fa\u010del\u016f mohou p\u0159istupovat k osobn\u00edm \u00fadaj\u016fm shrom\u00e1\u017ed\u011bn\u00fdm prost\u0159ednictv\u00edm t\u011bchto str\u00e1nek:<\/p>\n<ul>\n<li><strong>Intern\u00ed opr\u00e1vn\u011bn\u00e9 strany<\/strong> spr\u00e1vcem, kter\u00fd je \u0159\u00e1dn\u011b pro\u0161kolen v oblasti ochrany osobn\u00edch \u00fadaj\u016f a bezpe\u010dnosti;<\/li>\n<li><strong>Dodavatel\u00e9 a t\u0159et\u00ed strany jmenovan\u00e9 jako zpracovatel\u00e9 \u00fadaj\u016f<\/strong> (nap\u0159. poskytovatel\u00e9 technick\u00fdch slu\u017eeb, IT spole\u010dnosti, spole\u010dnosti poskytuj\u00edc\u00ed slu\u017eby z\u00e1kazn\u00edk\u016fm, konzultanti, poskytovatel\u00e9 platebn\u00edch slu\u017eeb a p\u0159\u00edpadn\u011b poskytovatel\u00e9 logistick\u00fdch slu\u017eeb);<\/li>\n<li><strong>Obchodn\u00ed partne\u0159i, t\u0159et\u00ed strany a p\u0159idru\u017een\u00e9 spole\u010dnosti<\/strong>v\u00fdhradn\u011b pro propaga\u010dn\u00ed\/marketingov\u00e9 \u00fa\u010dely, pokud jste k tomu dali v\u00fdslovn\u00fd souhlas nebo p\u0159\u00edpadn\u011b uplatnili sv\u016fj opt-out;<\/li>\n<li><strong>Strany poskytuj\u00edc\u00ed z\u00e1suvn\u00e9 moduly, soci\u00e1ln\u00ed s\u00edt\u011b a slu\u017eby pro interakci s extern\u00edmi platformami.<\/strong>kter\u00e9 mohou zpracov\u00e1vat osobn\u00ed \u00fadaje podle sv\u00e9 vlastn\u00ed logiky jako nez\u00e1visl\u00ed spr\u00e1vci \u00fadaj\u016f (v tomto p\u0159\u00edpad\u011b si pros\u00edm p\u0159e\u010dt\u011bte tak\u00e9 jednotliv\u00e1 informa\u010dn\u00ed ozn\u00e1men\u00ed t\u011bchto t\u0159et\u00edch stran);<\/li>\n<li><strong>P\u0159\u00edslu\u0161n\u00e9 org\u00e1ny ve\u0159ejn\u00e9 spr\u00e1vy<\/strong> a dozorov\u00fdm org\u00e1n\u016fm v rozsahu po\u017eadovan\u00e9m z\u00e1konem nebo za \u00fa\u010delem vyhov\u011bn\u00ed \u017e\u00e1dostem soudn\u00edch org\u00e1n\u016f;<\/li>\n<\/ul>\n<p>Aktualizovan\u00fd seznam extern\u00edch adres\u00e1t\u016f je k dispozici na vy\u017e\u00e1d\u00e1n\u00ed na kontaktn\u00edch \u00fadaj\u00edch dr\u017eitele.<\/p>\n\n\n\n<p><strong>7. Kam mohou b\u00fdt va\u0161e \u00fadaje p\u0159eneseny?<\/strong><br> Osobn\u00ed \u00fadaje shrom\u00e1\u017ed\u011bn\u00e9 prost\u0159ednictv\u00edm t\u011bchto str\u00e1nek mohou b\u00fdt zpracov\u00e1v\u00e1ny a p\u0159ed\u00e1v\u00e1ny - pro uveden\u00e9 \u00fa\u010dely - do n\u00e1sleduj\u00edc\u00edch zem\u00ed:<\/p>\n<ul>\n<li>do zem\u00ed Evropsk\u00e9ho hospod\u00e1\u0159sk\u00e9ho prostoru (EHP), \u0160v\u00fdcarska nebo jin\u00fdch zem\u00ed, kter\u00e9 p\u0159\u00edslu\u0161n\u00e9 org\u00e1ny uznaly za \"odpov\u00eddaj\u00edc\u00ed\" z hlediska \u00farovn\u011b ochrany poskytovan\u00e9 z\u00e1konem;<\/li>\n\n<\/ul>\n\n\n<p><strong>Aktualizovan\u00fd seznam \"spolehliv\u00fdch\" zem\u00ed<\/strong>:<\/p>\n<ul>\n<li><a href=\"https:\/\/ec.europa.eu\/info\/law\/law-topic\/data-protection\/international-dimension-data-protection\/adequacy-decisions_en\">EU<\/a><\/li>\n<li><a href=\"https:\/\/www.edoeb.admin.ch\/en\/adequacy\">\u0160v\u00fdcarsko<\/a><\/li>\n<\/ul>\n<p> <\/p>\n<p><strong>8. Jak\u00e1 jsou va\u0161e pr\u00e1va t\u00fdkaj\u00edc\u00ed se shrom\u00e1\u017ed\u011bn\u00fdch \u00fadaj\u016f?<\/strong><br> U\u017eivatel m\u00e1 v souladu s platn\u00fdmi pr\u00e1vn\u00edmi p\u0159edpisy pr\u00e1vo na:<\/p>\n<ul>\n<li>z\u00edskat potvrzen\u00ed, zda jsou \u010di nejsou zpracov\u00e1v\u00e1ny osobn\u00ed \u00fadaje, kter\u00e9 se ho t\u00fdkaj\u00ed, a pokud ano, z\u00edskat p\u0159\u00edstup k t\u011bmto \u00fadaj\u016fm a souvisej\u00edc\u00edm informac\u00edm (pr\u00e1vo na p\u0159\u00edstup).<\/li>\n<li>po\u017eadovat opravu, aktualizaci nebo v\u00fdmaz nep\u0159esn\u00fdch nebo ji\u017e nepot\u0159ebn\u00fdch \u00fadaj\u016f (pr\u00e1vo na opravu a v\u00fdmaz).<\/li>\n<li>po\u017e\u00e1dat o omezen\u00ed nebo vzn\u00e9st n\u00e1mitku proti zpracov\u00e1n\u00ed \u00fadaj\u016f, p\u0159\u00edpadn\u011b i pro \u00fa\u010dely propagace\/profilov\u00e1n\u00ed.<\/li>\n<li>po\u017eadovat p\u0159enositelnost \u00fadaj\u016f ve strukturovan\u00e9m a interoperabiln\u00edm form\u00e1tu (pokud je to technicky mo\u017en\u00e9).<\/li>\n<li class=\"map_any_gdpr_like_text\">odvolat souhlas s pou\u017e\u00edv\u00e1n\u00edm netechnick\u00fdch soubor\u016f cookie, se zpracov\u00e1n\u00edm \u00fadaj\u016f shrom\u00e1\u017ed\u011bn\u00fdch prost\u0159ednictv\u00edm sledovac\u00edch n\u00e1stroj\u016f.<\/li>\n\n<li>Nahl\u00e1sit jak\u00e9koli nesrovnalosti nebo zneu\u017eit\u00ed p\u0159\u00edslu\u0161n\u00fdm kontroln\u00edm org\u00e1n\u016fm.<\/li>\n<\/ul>\n\n\n\n<p>Chcete-li tato pr\u00e1va uplatnit, sta\u010d\u00ed zaslat \u017e\u00e1dost na kontaktn\u00ed \u00fadaje spr\u00e1vce, kter\u00fd v\u00e1m odpov\u00ed ve lh\u016ft\u011b stanoven\u00e9 platn\u00fdm m\u00edstn\u00edm p\u0159edpisem.<\/p>\n<p> <\/p>\n<p><strong>9. Jak se zpracov\u00e1vaj\u00ed \u00fadaje d\u011bt\u00ed?<\/strong><br> Kl\u00ed\u010dovou prioritou je ochrana d\u011bt\u00ed.<\/p>\n\n<p class=\"map_using_minors_data_off\">Slu\u017eby a obsah t\u011bchto str\u00e1nek nejsou ur\u010deny osob\u00e1m mlad\u0161\u00edm 18 let.<\/p>\n<p class=\"map_using_minors_data_off\">V\u011bdom\u011b neshroma\u017e\u010fujeme osobn\u00ed \u00fadaje nezletil\u00fdch osob bez ov\u011b\u0159iteln\u00e9ho souhlasu rodi\u010d\u016f nebo z\u00e1konn\u00fdch z\u00e1stupc\u016f.<\/p>\n<p class=\"map_using_minors_data_off\">Pokud se rodi\u010d nebo z\u00e1konn\u00fd z\u00e1stupce domn\u00edv\u00e1, \u017ee d\u00edt\u011b poskytlo osobn\u00ed \u00fadaje neopr\u00e1vn\u011bn\u011b, m\u016f\u017ee po\u017e\u00e1dat o jejich odstran\u011bn\u00ed, aktualizaci nebo omezen\u00ed, a to p\u00edsemn\u011b na kontaktn\u00ed \u00fadaje uveden\u00e9 v tomto ozn\u00e1men\u00ed.<\/p>\n<p> <\/p>\n<p><strong>10. Jak podat hl\u00e1\u0161en\u00ed nebo st\u00ed\u017enost \u00fa\u0159ad\u016fm?<\/strong><br> Pokud se domn\u00edv\u00e1te, \u017ee zpracov\u00e1n\u00ed va\u0161ich osobn\u00edch \u00fadaj\u016f prost\u0159ednictv\u00edm t\u011bchto str\u00e1nek nen\u00ed v souladu s platn\u00fdmi pr\u00e1vn\u00edmi p\u0159edpisy, m\u016f\u017eete podat bezplatnou st\u00ed\u017enost u p\u0159\u00edslu\u0161n\u00fdch dozorov\u00fdch org\u00e1n\u016f, v\u010detn\u011b:<\/p>\n<ul>\n<li>Garante nebo \u00da\u0159ad pro ochranu osobn\u00edch \u00fadaj\u016f st\u00e1tu, jeho\u017e jste ob\u010danem nebo v n\u011bm\u017e m\u00e1te bydli\u0161t\u011b;<\/li>\n\n<li><a href=\"https:\/\/edps.europa.eu\/data-protection\/our-role-supervisor\/complaints_en\">Evropsk\u00fd inspektor ochrany \u00fadaj\u016f<\/a><\/li>\n\n\n\n\n\n\n\n\n\n\n\n\n\n\n\n\n\n\n\n<\/ul>\n<p> <\/p>\n<p><strong>Jak v\u00e1s informujeme o zm\u011bn\u00e1ch t\u011bchto z\u00e1sad?<\/strong><br> Tyto z\u00e1sady podl\u00e9haj\u00ed pravideln\u00e9 revizi z d\u016fvodu dodr\u017eov\u00e1n\u00ed pr\u00e1vn\u00edch p\u0159edpis\u016f nebo zm\u011bn slu\u017eeb nab\u00edzen\u00fdch prost\u0159ednictv\u00edm t\u011bchto str\u00e1nek. O v\u0161ech v\u00fdznamn\u00fdch zm\u011bn\u00e1ch budeme informovat prost\u0159ednictv\u00edm t\u00e9to str\u00e1nky.<br> <span class=\"map_last_policy_revision_date\">Posledn\u00ed revize: 01\/09\/2025<\/span><\/p>\n\n<!--googleon: all--><\/p>\n\t\t\t\t\t\t\t\t<\/div>\n\t\t\t\t\t<\/div>\n\t\t\t\t<\/div>\n\t\t\t\t<\/div>","protected":false},"excerpt":{"rendered":"","protected":false},"author":1,"featured_media":0,"parent":0,"menu_order":0,"comment_status":"closed","ping_status":"closed","template":"","meta":{"_eb_attr":"","footnotes":""},"class_list":["post-967","page","type-page","status-publish","hentry"],"yoast_head":"<!-- This site is optimized with the Yoast SEO plugin v27.2 - https:\/\/yoast.com\/product\/yoast-seo-wordpress\/ -->\n<title>Privacy policy - Ski Residence<\/title>\n<meta name=\"robots\" content=\"index, follow, max-snippet:-1, max-image-preview:large, max-video-preview:-1\" \/>\n<link rel=\"canonical\" href=\"https:\/\/skiresidence.it\/cs\/zasady-ochrany-osobnich-udaju\/\" \/>\n<meta property=\"og:locale\" content=\"cs_CZ\" \/>\n<meta property=\"og:type\" content=\"article\" \/>\n<meta property=\"og:title\" content=\"Privacy policy - Ski Residence\" \/>\n<meta property=\"og:url\" content=\"https:\/\/skiresidence.it\/cs\/zasady-ochrany-osobnich-udaju\/\" \/>\n<meta property=\"og:site_name\" content=\"Ski Residence\" \/>\n<meta property=\"article:publisher\" content=\"https:\/\/www.facebook.com\/www.skiresidence.it\" \/>\n<meta property=\"article:modified_time\" content=\"2025-09-03T09:04:40+00:00\" \/>\n<meta name=\"twitter:card\" content=\"summary_large_image\" \/>\n<meta name=\"twitter:label1\" content=\"Odhadovan\u00e1 doba \u010dten\u00ed\" \/>\n\t<meta name=\"twitter:data1\" content=\"1 minuta\" \/>\n<script type=\"application\/ld+json\" class=\"yoast-schema-graph\">{\"@context\":\"https:\/\/schema.org\",\"@graph\":[{\"@type\":\"WebPage\",\"@id\":\"https:\/\/skiresidence.it\/privacy-policy\/\",\"url\":\"https:\/\/skiresidence.it\/privacy-policy\/\",\"name\":\"Privacy policy - Ski Residence\",\"isPartOf\":{\"@id\":\"https:\/\/skiresidence.it\/#website\"},\"datePublished\":\"2025-09-01T11:01:10+00:00\",\"dateModified\":\"2025-09-03T09:04:40+00:00\",\"breadcrumb\":{\"@id\":\"https:\/\/skiresidence.it\/privacy-policy\/#breadcrumb\"},\"inLanguage\":\"cs\",\"potentialAction\":[{\"@type\":\"ReadAction\",\"target\":[\"https:\/\/skiresidence.it\/privacy-policy\/\"]}]},{\"@type\":\"BreadcrumbList\",\"@id\":\"https:\/\/skiresidence.it\/privacy-policy\/#breadcrumb\",\"itemListElement\":[{\"@type\":\"ListItem\",\"position\":1,\"name\":\"Home\",\"item\":\"https:\/\/skiresidence.it\/\"},{\"@type\":\"ListItem\",\"position\":2,\"name\":\"Privacy policy\"}]},{\"@type\":\"WebSite\",\"@id\":\"https:\/\/skiresidence.it\/#website\",\"url\":\"https:\/\/skiresidence.it\/\",\"name\":\"Ski Residence\",\"description\":\"Dove la montagna \u00e8 casa\",\"publisher\":{\"@id\":\"https:\/\/skiresidence.it\/#organization\"},\"potentialAction\":[{\"@type\":\"SearchAction\",\"target\":{\"@type\":\"EntryPoint\",\"urlTemplate\":\"https:\/\/skiresidence.it\/?s={search_term_string}\"},\"query-input\":{\"@type\":\"PropertyValueSpecification\",\"valueRequired\":true,\"valueName\":\"search_term_string\"}}],\"inLanguage\":\"cs\"},{\"@type\":\"Organization\",\"@id\":\"https:\/\/skiresidence.it\/#organization\",\"name\":\"Ski Residence\",\"url\":\"https:\/\/skiresidence.it\/\",\"logo\":{\"@type\":\"ImageObject\",\"inLanguage\":\"cs\",\"@id\":\"https:\/\/skiresidence.it\/#\/schema\/logo\/image\/\",\"url\":\"https:\/\/skiresidence.it\/wp-content\/uploads\/2025\/08\/logo-colore.png\",\"contentUrl\":\"https:\/\/skiresidence.it\/wp-content\/uploads\/2025\/08\/logo-colore.png\",\"width\":629,\"height\":263,\"caption\":\"Ski Residence\"},\"image\":{\"@id\":\"https:\/\/skiresidence.it\/#\/schema\/logo\/image\/\"},\"sameAs\":[\"https:\/\/www.facebook.com\/www.skiresidence.it\",\"https:\/\/www.instagram.com\/skiresidence\/\"]}]}<\/script>\n<!-- \/ Yoast SEO plugin. -->","yoast_head_json":{"title":"Z\u00e1sady ochrany osobn\u00edch \u00fadaj\u016f - Ski Residence","robots":{"index":"index","follow":"follow","max-snippet":"max-snippet:-1","max-image-preview":"max-image-preview:large","max-video-preview":"max-video-preview:-1"},"canonical":"https:\/\/skiresidence.it\/cs\/zasady-ochrany-osobnich-udaju\/","og_locale":"cs_CZ","og_type":"article","og_title":"Privacy policy - Ski Residence","og_url":"https:\/\/skiresidence.it\/cs\/zasady-ochrany-osobnich-udaju\/","og_site_name":"Ski Residence","article_publisher":"https:\/\/www.facebook.com\/www.skiresidence.it","article_modified_time":"2025-09-03T09:04:40+00:00","twitter_card":"summary_large_image","twitter_misc":{"Odhadovan\u00e1 doba \u010dten\u00ed":"1 minuta"},"schema":{"@context":"https:\/\/schema.org","@graph":[{"@type":"WebPage","@id":"https:\/\/skiresidence.it\/privacy-policy\/","url":"https:\/\/skiresidence.it\/privacy-policy\/","name":"Z\u00e1sady ochrany osobn\u00edch \u00fadaj\u016f - Ski Residence","isPartOf":{"@id":"https:\/\/skiresidence.it\/#website"},"datePublished":"2025-09-01T11:01:10+00:00","dateModified":"2025-09-03T09:04:40+00:00","breadcrumb":{"@id":"https:\/\/skiresidence.it\/privacy-policy\/#breadcrumb"},"inLanguage":"cs","potentialAction":[{"@type":"ReadAction","target":["https:\/\/skiresidence.it\/privacy-policy\/"]}]},{"@type":"BreadcrumbList","@id":"https:\/\/skiresidence.it\/privacy-policy\/#breadcrumb","itemListElement":[{"@type":"ListItem","position":1,"name":"Home","item":"https:\/\/skiresidence.it\/"},{"@type":"ListItem","position":2,"name":"Privacy policy"}]},{"@type":"WebSite","@id":"https:\/\/skiresidence.it\/#website","url":"https:\/\/skiresidence.it\/","name":"Ly\u017ea\u0159sk\u00e1 rezidence","description":"Kde jsou hory domovem","publisher":{"@id":"https:\/\/skiresidence.it\/#organization"},"potentialAction":[{"@type":"SearchAction","target":{"@type":"EntryPoint","urlTemplate":"https:\/\/skiresidence.it\/?s={search_term_string}"},"query-input":{"@type":"PropertyValueSpecification","valueRequired":true,"valueName":"search_term_string"}}],"inLanguage":"cs"},{"@type":"Organization","@id":"https:\/\/skiresidence.it\/#organization","name":"Ly\u017ea\u0159sk\u00e1 rezidence","url":"https:\/\/skiresidence.it\/","logo":{"@type":"ImageObject","inLanguage":"cs","@id":"https:\/\/skiresidence.it\/#\/schema\/logo\/image\/","url":"https:\/\/skiresidence.it\/wp-content\/uploads\/2025\/08\/logo-colore.png","contentUrl":"https:\/\/skiresidence.it\/wp-content\/uploads\/2025\/08\/logo-colore.png","width":629,"height":263,"caption":"Ski Residence"},"image":{"@id":"https:\/\/skiresidence.it\/#\/schema\/logo\/image\/"},"sameAs":["https:\/\/www.facebook.com\/www.skiresidence.it","https:\/\/www.instagram.com\/skiresidence\/"]}]}},"_links":{"self":[{"href":"https:\/\/skiresidence.it\/cs\/wp-json\/wp\/v2\/pages\/967","targetHints":{"allow":["GET"]}}],"collection":[{"href":"https:\/\/skiresidence.it\/cs\/wp-json\/wp\/v2\/pages"}],"about":[{"href":"https:\/\/skiresidence.it\/cs\/wp-json\/wp\/v2\/types\/page"}],"author":[{"embeddable":true,"href":"https:\/\/skiresidence.it\/cs\/wp-json\/wp\/v2\/users\/1"}],"replies":[{"embeddable":true,"href":"https:\/\/skiresidence.it\/cs\/wp-json\/wp\/v2\/comments?post=967"}],"version-history":[{"count":5,"href":"https:\/\/skiresidence.it\/cs\/wp-json\/wp\/v2\/pages\/967\/revisions"}],"predecessor-version":[{"id":1032,"href":"https:\/\/skiresidence.it\/cs\/wp-json\/wp\/v2\/pages\/967\/revisions\/1032"}],"wp:attachment":[{"href":"https:\/\/skiresidence.it\/cs\/wp-json\/wp\/v2\/media?parent=967"}],"curies":[{"name":"wp","href":"https:\/\/api.w.org\/{rel}","templated":true}]}}